{"id":7,"date":"2021-01-14T16:06:44","date_gmt":"2021-01-14T19:06:44","guid":{"rendered":"https:\/\/www.theotita.com.br\/?page_id=7"},"modified":"2021-05-28T10:43:40","modified_gmt":"2021-05-28T13:43:40","slug":"sobre","status":"publish","type":"page","link":"https:\/\/www.theotita.com.br\/index.php\/sobre\/","title":{"rendered":"Quem somos"},"content":{"rendered":"\n<p>A Theotita atua h\u00e1 mais de 20 anos na contribui\u00e7\u00e3o e desenvolvimento organizacional de clientes!<\/p>\n\n\n\n<p>N\u00f3s buscamos, por meio de profissionais respons\u00e1veis e qualificados, mudar a realidade organizacional de empresas, otimizando processos e melhorando a gest\u00e3o.<\/p>\n\n\n\n<p>Tudo isso, fazemos por meio de consultorias, implementa\u00e7\u00e3o de a\u00e7\u00f5es de melhoria de gest\u00e3o e auditorias, que refor\u00e7am a pol\u00edtica de transpar\u00eancia das empresas!<\/p>\n\n\n\n<p>Nosso objetivo \u00e9 desenvolver a sua organiza\u00e7\u00e3o para que cada setor trabalhe com 100% de aproveitamento do potencial que n\u00f3s sabemos que j\u00e1 existe!<\/p>\n\n\n\n<p>N\u00f3s queremos fazer a diferen\u00e7a no seu neg\u00f3cio tamb\u00e9m! Entre em contato com a gente para saber mais!&nbsp;<\/p>\n","protected":false},"excerpt":{"rendered":"<p>A Theotita atua h\u00e1 mais de 20 anos na contribui\u00e7\u00e3o e desenvolvimento organizacional de clientes! N\u00f3s buscamos, por meio de profissionais respons\u00e1veis e qualificados, mudar a realidade organizacional de empresas, otimizando processos e melhorando a gest\u00e3o. Tudo isso, fazemos por meio de consultorias, implementa\u00e7\u00e3o de a\u00e7\u00f5es de melhoria de gest\u00e3o e auditorias, que refor\u00e7am a <a class=\"more-link\" href=\"https:\/\/www.theotita.com.br\/index.php\/sobre\/\">Leia mais&#8230; &raquo;<\/a><\/p>\n","protected":false},"author":1,"featured_media":0,"parent":0,"menu_order":0,"comment_status":"closed","ping_status":"closed","template":"","meta":[],"_links":{"self":[{"href":"https:\/\/www.theotita.com.br\/index.php\/wp-json\/wp\/v2\/pages\/7"}],"collection":[{"href":"https:\/\/www.theotita.com.br\/index.php\/wp-json\/wp\/v2\/pages"}],"about":[{"href":"https:\/\/www.theotita.com.br\/index.php\/wp-json\/wp\/v2\/types\/page"}],"author":[{"embeddable":true,"href":"https:\/\/www.theotita.com.br\/index.php\/wp-json\/wp\/v2\/users\/1"}],"replies":[{"embeddable":true,"href":"https:\/\/www.theotita.com.br\/index.php\/wp-json\/wp\/v2\/comments?post=7"}],"version-history":[{"count":5,"href":"https:\/\/www.theotita.com.br\/index.php\/wp-json\/wp\/v2\/pages\/7\/revisions"}],"predecessor-version":[{"id":263,"href":"https:\/\/www.theotita.com.br\/index.php\/wp-json\/wp\/v2\/pages\/7\/revisions\/263"}],"wp:attachment":[{"href":"https:\/\/www.theotita.com.br\/index.php\/wp-json\/wp\/v2\/media?parent=7"}],"curies":[{"name":"wp","href":"https:\/\/api.w.org\/{rel}","templated":true}]}}