{"id":236,"date":"2021-05-25T19:19:15","date_gmt":"2021-05-25T22:19:15","guid":{"rendered":"https:\/\/www.theotita.com.br\/?page_id=236"},"modified":"2021-05-25T20:23:36","modified_gmt":"2021-05-25T23:23:36","slug":"a-escolha-certa-para-otimizacao-de-gestao-e-a-theotita","status":"publish","type":"page","link":"https:\/\/www.theotita.com.br\/index.php\/a-escolha-certa-para-otimizacao-de-gestao-e-a-theotita\/","title":{"rendered":"A escolha certa para otimiza\u00e7\u00e3o de gest\u00e3o \u00e9 a Theotita"},"content":{"rendered":"\n<figure class=\"wp-block-image size-large\"><a href=\"https:\/\/www.theotita.com.br\/index.php\/servicos\/bpo-financeiro\/\"><img loading=\"lazy\" width=\"1024\" height=\"427\" src=\"https:\/\/www.theotita.com.br\/wp-content\/uploads\/2021\/05\/5-1024x427.png\" alt=\"\" class=\"wp-image-230\" srcset=\"https:\/\/www.theotita.com.br\/wp-content\/uploads\/2021\/05\/5-1024x427.png 1024w, https:\/\/www.theotita.com.br\/wp-content\/uploads\/2021\/05\/5-300x125.png 300w, https:\/\/www.theotita.com.br\/wp-content\/uploads\/2021\/05\/5-768x320.png 768w, https:\/\/www.theotita.com.br\/wp-content\/uploads\/2021\/05\/5-1536x640.png 1536w, https:\/\/www.theotita.com.br\/wp-content\/uploads\/2021\/05\/5.png 1920w\" sizes=\"(max-width: 1024px) 100vw, 1024px\" \/><\/a><\/figure>\n","protected":false},"excerpt":{"rendered":"","protected":false},"author":1,"featured_media":0,"parent":0,"menu_order":0,"comment_status":"closed","ping_status":"closed","template":"","meta":[],"_links":{"self":[{"href":"https:\/\/www.theotita.com.br\/index.php\/wp-json\/wp\/v2\/pages\/236"}],"collection":[{"href":"https:\/\/www.theotita.com.br\/index.php\/wp-json\/wp\/v2\/pages"}],"about":[{"href":"https:\/\/www.theotita.com.br\/index.php\/wp-json\/wp\/v2\/types\/page"}],"author":[{"embeddable":true,"href":"https:\/\/www.theotita.com.br\/index.php\/wp-json\/wp\/v2\/users\/1"}],"replies":[{"embeddable":true,"href":"https:\/\/www.theotita.com.br\/index.php\/wp-json\/wp\/v2\/comments?post=236"}],"version-history":[{"count":6,"href":"https:\/\/www.theotita.com.br\/index.php\/wp-json\/wp\/v2\/pages\/236\/revisions"}],"predecessor-version":[{"id":260,"href":"https:\/\/www.theotita.com.br\/index.php\/wp-json\/wp\/v2\/pages\/236\/revisions\/260"}],"wp:attachment":[{"href":"https:\/\/www.theotita.com.br\/index.php\/wp-json\/wp\/v2\/media?parent=236"}],"curies":[{"name":"wp","href":"https:\/\/api.w.org\/{rel}","templated":true}]}}