{"id":110,"date":"2021-05-11T16:35:23","date_gmt":"2021-05-11T19:35:23","guid":{"rendered":"https:\/\/www.theotita.com.br\/?page_id=110"},"modified":"2021-05-22T11:20:40","modified_gmt":"2021-05-22T14:20:40","slug":"bpo-financeiro","status":"publish","type":"page","link":"https:\/\/www.theotita.com.br\/index.php\/servicos\/bpo-financeiro\/","title":{"rendered":"BPO Financeiro"},"content":{"rendered":"\n<p>O BPO Financeiro, tamb\u00e9m conhecido como Business Process Outsourcing, terceiriza as atividades financeiras da sua empresa.<\/p>\n\n\n\n<p>Ou seja, voc\u00ea n\u00e3o precisa se preocupar com quest\u00f5es de finan\u00e7a ou contratar funcion\u00e1rios para fazer este servi\u00e7o, j\u00e1 que todo este processo ser\u00e1 terceirizado.<\/p>\n\n\n\n<p>Este tipo de servi\u00e7o garante a sua empresa tempo para focar no produto ou servi\u00e7o que voc\u00ea oferece, deixando voc\u00ea mais confort\u00e1vel e seguro, sabendo que seu setor financeiro esta em boas m\u00e3os.<\/p>\n\n\n\n<p>Quer saber mais? Entre em contato com a THEOTITA!<\/p>\n\n\n\n<div class=\"wp-block-buttons\">\n<div class=\"wp-block-button\"><a class=\"wp-block-button__link\" href=\"https:\/\/www.theotita.com.br\/index.php\/solicitacao-de-proposta\/\">Solicite uma proposta<\/a><\/div>\n<\/div>\n","protected":false},"excerpt":{"rendered":"<p>O BPO Financeiro, tamb\u00e9m conhecido como Business Process Outsourcing, terceiriza as atividades financeiras da sua empresa. Ou seja, voc\u00ea n\u00e3o precisa se preocupar com quest\u00f5es de finan\u00e7a ou contratar funcion\u00e1rios para fazer este servi\u00e7o, j\u00e1 que todo este processo ser\u00e1 terceirizado. Este tipo de servi\u00e7o garante a sua empresa tempo para focar no produto ou <a class=\"more-link\" href=\"https:\/\/www.theotita.com.br\/index.php\/servicos\/bpo-financeiro\/\">Leia mais&#8230; &raquo;<\/a><\/p>\n","protected":false},"author":1,"featured_media":0,"parent":87,"menu_order":0,"comment_status":"closed","ping_status":"closed","template":"","meta":[],"_links":{"self":[{"href":"https:\/\/www.theotita.com.br\/index.php\/wp-json\/wp\/v2\/pages\/110"}],"collection":[{"href":"https:\/\/www.theotita.com.br\/index.php\/wp-json\/wp\/v2\/pages"}],"about":[{"href":"https:\/\/www.theotita.com.br\/index.php\/wp-json\/wp\/v2\/types\/page"}],"author":[{"embeddable":true,"href":"https:\/\/www.theotita.com.br\/index.php\/wp-json\/wp\/v2\/users\/1"}],"replies":[{"embeddable":true,"href":"https:\/\/www.theotita.com.br\/index.php\/wp-json\/wp\/v2\/comments?post=110"}],"version-history":[{"count":4,"href":"https:\/\/www.theotita.com.br\/index.php\/wp-json\/wp\/v2\/pages\/110\/revisions"}],"predecessor-version":[{"id":217,"href":"https:\/\/www.theotita.com.br\/index.php\/wp-json\/wp\/v2\/pages\/110\/revisions\/217"}],"up":[{"embeddable":true,"href":"https:\/\/www.theotita.com.br\/index.php\/wp-json\/wp\/v2\/pages\/87"}],"wp:attachment":[{"href":"https:\/\/www.theotita.com.br\/index.php\/wp-json\/wp\/v2\/media?parent=110"}],"curies":[{"name":"wp","href":"https:\/\/api.w.org\/{rel}","templated":true}]}}