{"id":108,"date":"2021-05-11T16:34:52","date_gmt":"2021-05-11T19:34:52","guid":{"rendered":"https:\/\/www.theotita.com.br\/?page_id=108"},"modified":"2021-05-22T11:22:32","modified_gmt":"2021-05-22T14:22:32","slug":"contabilidade","status":"publish","type":"page","link":"https:\/\/www.theotita.com.br\/index.php\/servicos\/contabilidade\/","title":{"rendered":"Contabilidade"},"content":{"rendered":"\n<p>Sabemos que a contabilidade \u00e9 uma parte importante da empresa, mas tamb\u00e9m n\u00e3o \u00e9 um servi\u00e7o realizado por qualquer profissional.<\/p>\n\n\n\n<p>\u00c9 preciso ter conhecimento t\u00e9cnico e jur\u00eddico para se realizar uma boa contabilidade, e principalmente, profissionais qualificados.<\/p>\n\n\n\n<p>Todas estas especifica\u00e7\u00f5es voc\u00ea encontra na Theotita. Aqui n\u00f3s cuidamos da contabilidade da sua empresa, prestando o servi\u00e7o com seriedade e qualidade.<\/p>\n\n\n\n<p>Para saber mais, entre em contato conosco ou fa\u00e7a o seu or\u00e7amento!<\/p>\n\n\n\n<div class=\"wp-block-buttons\">\n<div class=\"wp-block-button\"><a class=\"wp-block-button__link\" href=\"https:\/\/www.theotita.com.br\/index.php\/solicitacao-de-proposta\/\">Solicite uma proposta<\/a><\/div>\n<\/div>\n","protected":false},"excerpt":{"rendered":"<p>Sabemos que a contabilidade \u00e9 uma parte importante da empresa, mas tamb\u00e9m n\u00e3o \u00e9 um servi\u00e7o realizado por qualquer profissional. \u00c9 preciso ter conhecimento t\u00e9cnico e jur\u00eddico para se realizar uma boa contabilidade, e principalmente, profissionais qualificados. Todas estas especifica\u00e7\u00f5es voc\u00ea encontra na Theotita. Aqui n\u00f3s cuidamos da contabilidade da sua empresa, prestando o servi\u00e7o <a class=\"more-link\" href=\"https:\/\/www.theotita.com.br\/index.php\/servicos\/contabilidade\/\">Leia mais&#8230; &raquo;<\/a><\/p>\n","protected":false},"author":1,"featured_media":0,"parent":87,"menu_order":0,"comment_status":"closed","ping_status":"closed","template":"","meta":[],"_links":{"self":[{"href":"https:\/\/www.theotita.com.br\/index.php\/wp-json\/wp\/v2\/pages\/108"}],"collection":[{"href":"https:\/\/www.theotita.com.br\/index.php\/wp-json\/wp\/v2\/pages"}],"about":[{"href":"https:\/\/www.theotita.com.br\/index.php\/wp-json\/wp\/v2\/types\/page"}],"author":[{"embeddable":true,"href":"https:\/\/www.theotita.com.br\/index.php\/wp-json\/wp\/v2\/users\/1"}],"replies":[{"embeddable":true,"href":"https:\/\/www.theotita.com.br\/index.php\/wp-json\/wp\/v2\/comments?post=108"}],"version-history":[{"count":5,"href":"https:\/\/www.theotita.com.br\/index.php\/wp-json\/wp\/v2\/pages\/108\/revisions"}],"predecessor-version":[{"id":220,"href":"https:\/\/www.theotita.com.br\/index.php\/wp-json\/wp\/v2\/pages\/108\/revisions\/220"}],"up":[{"embeddable":true,"href":"https:\/\/www.theotita.com.br\/index.php\/wp-json\/wp\/v2\/pages\/87"}],"wp:attachment":[{"href":"https:\/\/www.theotita.com.br\/index.php\/wp-json\/wp\/v2\/media?parent=108"}],"curies":[{"name":"wp","href":"https:\/\/api.w.org\/{rel}","templated":true}]}}