{"id":106,"date":"2021-05-11T16:34:26","date_gmt":"2021-05-11T19:34:26","guid":{"rendered":"https:\/\/www.theotita.com.br\/?page_id=106"},"modified":"2021-05-22T11:23:20","modified_gmt":"2021-05-22T14:23:20","slug":"treinamentos","status":"publish","type":"page","link":"https:\/\/www.theotita.com.br\/index.php\/servicos\/treinamentos\/","title":{"rendered":"Treinamentos"},"content":{"rendered":"\n<p>Profissionalizar a equipe \u00e9 o primeiro passo para uma empresa de sucesso.<\/p>\n\n\n\n<p>Processos administrativos tendem a ser burocr\u00e1ticos e n\u00e3o t\u00e3o f\u00e1ceis de serem realizados. Por isso, \u00e9 preciso colocar, como respons\u00e1vel pela gest\u00e3o empresarial, pessoas treinadas e capacitadas, visando at\u00e9 mesmo \u00e0 mitiga\u00e7\u00e3o de risco de perda de capital. Levamos a sua empresa cursos, palestras, workshops e semin\u00e1rios, inclusive \u00e0 dist\u00e2ncia ou \u201cin company\u201d.<\/p>\n\n\n\n<p>Pensando nessa necessidade que muitas empresas t\u00eam, a Theotita oferece estes treinamentos, para que os funcion\u00e1rios saibam as melhores t\u00e9cnicas e dicas, assim como terem conhecimento de processos, sistemas e leis. Quer saber mais? Solicite uma proposta!<\/p>\n\n\n\n<div class=\"wp-block-buttons\">\n<div class=\"wp-block-button\"><a class=\"wp-block-button__link\" href=\"https:\/\/www.theotita.com.br\/index.php\/solicitacao-de-proposta\/\">Solicite uma proposta<\/a><\/div>\n<\/div>\n","protected":false},"excerpt":{"rendered":"<p>Profissionalizar a equipe \u00e9 o primeiro passo para uma empresa de sucesso. Processos administrativos tendem a ser burocr\u00e1ticos e n\u00e3o t\u00e3o f\u00e1ceis de serem realizados. Por isso, \u00e9 preciso colocar, como respons\u00e1vel pela gest\u00e3o empresarial, pessoas treinadas e capacitadas, visando at\u00e9 mesmo \u00e0 mitiga\u00e7\u00e3o de risco de perda de capital. Levamos a sua empresa cursos, <a class=\"more-link\" href=\"https:\/\/www.theotita.com.br\/index.php\/servicos\/treinamentos\/\">Leia mais&#8230; &raquo;<\/a><\/p>\n","protected":false},"author":1,"featured_media":0,"parent":87,"menu_order":0,"comment_status":"closed","ping_status":"closed","template":"","meta":[],"_links":{"self":[{"href":"https:\/\/www.theotita.com.br\/index.php\/wp-json\/wp\/v2\/pages\/106"}],"collection":[{"href":"https:\/\/www.theotita.com.br\/index.php\/wp-json\/wp\/v2\/pages"}],"about":[{"href":"https:\/\/www.theotita.com.br\/index.php\/wp-json\/wp\/v2\/types\/page"}],"author":[{"embeddable":true,"href":"https:\/\/www.theotita.com.br\/index.php\/wp-json\/wp\/v2\/users\/1"}],"replies":[{"embeddable":true,"href":"https:\/\/www.theotita.com.br\/index.php\/wp-json\/wp\/v2\/comments?post=106"}],"version-history":[{"count":4,"href":"https:\/\/www.theotita.com.br\/index.php\/wp-json\/wp\/v2\/pages\/106\/revisions"}],"predecessor-version":[{"id":221,"href":"https:\/\/www.theotita.com.br\/index.php\/wp-json\/wp\/v2\/pages\/106\/revisions\/221"}],"up":[{"embeddable":true,"href":"https:\/\/www.theotita.com.br\/index.php\/wp-json\/wp\/v2\/pages\/87"}],"wp:attachment":[{"href":"https:\/\/www.theotita.com.br\/index.php\/wp-json\/wp\/v2\/media?parent=106"}],"curies":[{"name":"wp","href":"https:\/\/api.w.org\/{rel}","templated":true}]}}