{"id":104,"date":"2021-05-11T16:34:09","date_gmt":"2021-05-11T19:34:09","guid":{"rendered":"https:\/\/www.theotita.com.br\/?page_id=104"},"modified":"2021-05-22T11:21:45","modified_gmt":"2021-05-22T14:21:45","slug":"consultoria-empresarial","status":"publish","type":"page","link":"https:\/\/www.theotita.com.br\/index.php\/servicos\/consultoria-empresarial\/","title":{"rendered":"Consultoria Empresarial"},"content":{"rendered":"\n<p>Nossa consultoria empresarial realiza um diagn\u00f3stico completo de toda a sua empresa, apontando pontos fortes e falhas, assim como pontos de melhorias.<\/p>\n\n\n\n<p>A partir deste diagn\u00f3stico, somos capazes de desenhar um plano de a\u00e7\u00e3o, tra\u00e7ando metas e objetivos, que ir\u00e3o aprimorar todo o seu sistema de gest\u00e3o, otimizando processos e organizando demandas e hierarquias.<\/p>\n\n\n\n<p>O objetivo principal \u00e9 fazer com que a sua empresa cres\u00e7a, assim como profissionalizar os servi\u00e7os de gest\u00e3o, principalmente financeira, mitigando riscos ou erros de performance.<\/p>\n\n\n\n<div class=\"wp-block-buttons\">\n<div class=\"wp-block-button\"><a class=\"wp-block-button__link\" href=\"https:\/\/www.theotita.com.br\/index.php\/solicitacao-de-proposta\/\">Solicite uma proposta<\/a><\/div>\n<\/div>\n","protected":false},"excerpt":{"rendered":"<p>Nossa consultoria empresarial realiza um diagn\u00f3stico completo de toda a sua empresa, apontando pontos fortes e falhas, assim como pontos de melhorias. A partir deste diagn\u00f3stico, somos capazes de desenhar um plano de a\u00e7\u00e3o, tra\u00e7ando metas e objetivos, que ir\u00e3o aprimorar todo o seu sistema de gest\u00e3o, otimizando processos e organizando demandas e hierarquias. O <a class=\"more-link\" href=\"https:\/\/www.theotita.com.br\/index.php\/servicos\/consultoria-empresarial\/\">Leia mais&#8230; &raquo;<\/a><\/p>\n","protected":false},"author":1,"featured_media":0,"parent":87,"menu_order":0,"comment_status":"closed","ping_status":"closed","template":"","meta":[],"_links":{"self":[{"href":"https:\/\/www.theotita.com.br\/index.php\/wp-json\/wp\/v2\/pages\/104"}],"collection":[{"href":"https:\/\/www.theotita.com.br\/index.php\/wp-json\/wp\/v2\/pages"}],"about":[{"href":"https:\/\/www.theotita.com.br\/index.php\/wp-json\/wp\/v2\/types\/page"}],"author":[{"embeddable":true,"href":"https:\/\/www.theotita.com.br\/index.php\/wp-json\/wp\/v2\/users\/1"}],"replies":[{"embeddable":true,"href":"https:\/\/www.theotita.com.br\/index.php\/wp-json\/wp\/v2\/comments?post=104"}],"version-history":[{"count":4,"href":"https:\/\/www.theotita.com.br\/index.php\/wp-json\/wp\/v2\/pages\/104\/revisions"}],"predecessor-version":[{"id":218,"href":"https:\/\/www.theotita.com.br\/index.php\/wp-json\/wp\/v2\/pages\/104\/revisions\/218"}],"up":[{"embeddable":true,"href":"https:\/\/www.theotita.com.br\/index.php\/wp-json\/wp\/v2\/pages\/87"}],"wp:attachment":[{"href":"https:\/\/www.theotita.com.br\/index.php\/wp-json\/wp\/v2\/media?parent=104"}],"curies":[{"name":"wp","href":"https:\/\/api.w.org\/{rel}","templated":true}]}}