{"id":102,"date":"2021-05-11T16:33:45","date_gmt":"2021-05-11T19:33:45","guid":{"rendered":"https:\/\/www.theotita.com.br\/?page_id=102"},"modified":"2021-05-22T11:19:41","modified_gmt":"2021-05-22T14:19:41","slug":"auditoria-contabil","status":"publish","type":"page","link":"https:\/\/www.theotita.com.br\/index.php\/servicos\/auditoria-contabil\/","title":{"rendered":"Auditoria Cont\u00e1bil"},"content":{"rendered":"\n<p>O primeiro passo para o sucesso de uma empresa \u00e9 organiza\u00e7\u00e3o e transpar\u00eancia.<\/p>\n\n\n\n<p>Para assegurar a sociedade, parceiros e clientes, \u00e9 preciso apresentar evid\u00eancias de que todos os processos, principalmente financeiros, da empresa est\u00e3o sendo realizados corretamente e em dia!<\/p>\n\n\n\n<p>Para ajudar neste processo de atendimento \u00e0s normas cont\u00e1beis brasileiras, assim como a busca por garantir a correta representa\u00e7\u00e3o da situa\u00e7\u00e3o patrimonial e financeira da empresa divulgada nas demonstra\u00e7\u00f5es cont\u00e1beis e financeiras, a Theotita realiza, trabalhos de revis\u00e3o limitada, auditoria de balan\u00e7o, valida\u00e7\u00e3o e revis\u00e3o de controles internos e auditoria interna.<\/p>\n\n\n\n<p>Fa\u00e7a sua auditoria com quem entende do assunto!<\/p>\n\n\n\n<div class=\"wp-block-buttons\">\n<div class=\"wp-block-button\"><a class=\"wp-block-button__link\" href=\"https:\/\/www.theotita.com.br\/index.php\/solicitacao-de-proposta\/\">Solicite uma proposta<\/a><\/div>\n<\/div>\n","protected":false},"excerpt":{"rendered":"<p>O primeiro passo para o sucesso de uma empresa \u00e9 organiza\u00e7\u00e3o e transpar\u00eancia. Para assegurar a sociedade, parceiros e clientes, \u00e9 preciso apresentar evid\u00eancias de que todos os processos, principalmente financeiros, da empresa est\u00e3o sendo realizados corretamente e em dia! Para ajudar neste processo de atendimento \u00e0s normas cont\u00e1beis brasileiras, assim como a busca por <a class=\"more-link\" href=\"https:\/\/www.theotita.com.br\/index.php\/servicos\/auditoria-contabil\/\">Leia mais&#8230; &raquo;<\/a><\/p>\n","protected":false},"author":1,"featured_media":0,"parent":87,"menu_order":0,"comment_status":"closed","ping_status":"closed","template":"","meta":[],"_links":{"self":[{"href":"https:\/\/www.theotita.com.br\/index.php\/wp-json\/wp\/v2\/pages\/102"}],"collection":[{"href":"https:\/\/www.theotita.com.br\/index.php\/wp-json\/wp\/v2\/pages"}],"about":[{"href":"https:\/\/www.theotita.com.br\/index.php\/wp-json\/wp\/v2\/types\/page"}],"author":[{"embeddable":true,"href":"https:\/\/www.theotita.com.br\/index.php\/wp-json\/wp\/v2\/users\/1"}],"replies":[{"embeddable":true,"href":"https:\/\/www.theotita.com.br\/index.php\/wp-json\/wp\/v2\/comments?post=102"}],"version-history":[{"count":4,"href":"https:\/\/www.theotita.com.br\/index.php\/wp-json\/wp\/v2\/pages\/102\/revisions"}],"predecessor-version":[{"id":216,"href":"https:\/\/www.theotita.com.br\/index.php\/wp-json\/wp\/v2\/pages\/102\/revisions\/216"}],"up":[{"embeddable":true,"href":"https:\/\/www.theotita.com.br\/index.php\/wp-json\/wp\/v2\/pages\/87"}],"wp:attachment":[{"href":"https:\/\/www.theotita.com.br\/index.php\/wp-json\/wp\/v2\/media?parent=102"}],"curies":[{"name":"wp","href":"https:\/\/api.w.org\/{rel}","templated":true}]}}